{"id":4104,"date":"2023-10-16T16:55:10","date_gmt":"2023-10-16T16:55:10","guid":{"rendered":"https:\/\/www.onedatalake.com\/?page_id=4104"},"modified":"2023-10-24T11:21:02","modified_gmt":"2023-10-24T11:21:02","slug":"technology-partners","status":"publish","type":"page","link":"https:\/\/www.onedatalake.com\/tr\/technology-partners\/","title":{"rendered":"i\u015f ortaklar\u0131"},"content":{"rendered":"<div data-elementor-type=\"wp-page\" data-elementor-id=\"4104\" class=\"elementor elementor-4104\">\n\t\t\t\t\t\t\t\t\t<section class=\"elementor-section elementor-top-section elementor-element elementor-element-afdcd9f elementor-section-content-middle elementor-hidden-mobile elementor-section-boxed elementor-section-height-default elementor-section-height-default\" data-id=\"afdcd9f\" data-element_type=\"section\" data-settings=\"{&quot;background_background&quot;:&quot;classic&quot;}\">\n\t\t\t\t\t\t\t<div class=\"elementor-background-overlay\"><\/div>\n\t\t\t\t\t\t\t<div class=\"elementor-container elementor-column-gap-default\">\n\t\t\t\t\t<div class=\"elementor-column elementor-col-100 elementor-top-column elementor-element elementor-element-b309353\" data-id=\"b309353\" data-element_type=\"column\">\n\t\t\t<div class=\"elementor-widget-wrap elementor-element-populated\">\n\t\t\t\t\t\t\t\t<div class=\"elementor-element elementor-element-321617e elementor-widget__width-initial elementor-widget elementor-widget-heading\" data-id=\"321617e\" data-element_type=\"widget\" data-widget_type=\"heading.default\">\n\t\t\t\t<div class=\"elementor-widget-container\">\n\t\t\t<style>\/*! elementor - v3.16.0 - 17-10-2023 *\/\n.elementor-heading-title{padding:0;margin:0;line-height:1}.elementor-widget-heading .elementor-heading-title[class*=elementor-size-]>a{color:inherit;font-size:inherit;line-height:inherit}.elementor-widget-heading .elementor-heading-title.elementor-size-small{font-size:15px}.elementor-widget-heading .elementor-heading-title.elementor-size-medium{font-size:19px}.elementor-widget-heading .elementor-heading-title.elementor-size-large{font-size:29px}.elementor-widget-heading .elementor-heading-title.elementor-size-xl{font-size:39px}.elementor-widget-heading .elementor-heading-title.elementor-size-xxl{font-size:59px}<\/style><h2 class=\"elementor-heading-title elementor-size-default\">Teknoloji \u0130\u015f Ortaklar\u0131m\u0131z\n\n<\/h2>\t\t<\/div>\n\t\t\t\t<\/div>\n\t\t\t\t\t<\/div>\n\t\t<\/div>\n\t\t\t\t\t\t\t<\/div>\n\t\t<\/section>\n\t\t<div class=\"elementor-element elementor-element-f17bcf8 elementor-hidden-mobile e-flex e-con-boxed e-con e-parent\" data-id=\"f17bcf8\" data-element_type=\"container\" data-settings=\"{&quot;background_background&quot;:&quot;classic&quot;,&quot;content_width&quot;:&quot;boxed&quot;}\" data-core-v316-plus=\"true\">\n\t\t\t\t\t<div class=\"e-con-inner\">\n\t\t<div class=\"elementor-element elementor-element-77a6b8b e-con-full e-flex e-con e-child\" data-id=\"77a6b8b\" data-element_type=\"container\" data-settings=\"{&quot;content_width&quot;:&quot;full&quot;}\">\n\t\t\t\t<div class=\"elementor-element elementor-element-9a8adc7 elementor-widget elementor-widget-image\" data-id=\"9a8adc7\" data-element_type=\"widget\" data-widget_type=\"image.default\">\n\t\t\t\t<div class=\"elementor-widget-container\">\n\t\t\t<style>\/*! elementor - v3.16.0 - 17-10-2023 *\/\n.elementor-widget-image{text-align:center}.elementor-widget-image a{display:inline-block}.elementor-widget-image a img[src$=\".svg\"]{width:48px}.elementor-widget-image img{vertical-align:middle;display:inline-block}<\/style>\t\t\t\t\t\t\t\t\t\t\t\t\t<a href=\"https:\/\/www.qlik.com\/\" target=\"_blank\">\n\t\t\t\t\t\t\t<img loading=\"lazy\" decoding=\"async\" width=\"348\" height=\"105\" src=\"https:\/\/www.onedatalake.com\/wp-content\/uploads\/2023\/10\/qlictalend.png\" class=\"elementor-animation-shrink attachment-large size-large wp-image-2261\" alt=\"\" srcset=\"https:\/\/www.onedatalake.com\/wp-content\/uploads\/2023\/10\/qlictalend.png 348w, https:\/\/www.onedatalake.com\/wp-content\/uploads\/2023\/10\/qlictalend-300x91.png 300w\" sizes=\"auto, (max-width: 348px) 100vw, 348px\" \/>\t\t\t\t\t\t\t\t<\/a>\n\t\t\t\t\t\t\t\t\t\t\t\t\t\t\t<\/div>\n\t\t\t\t<\/div>\n\t\t\t\t<div class=\"elementor-element elementor-element-463e41a elementor-widget elementor-widget-spacer\" data-id=\"463e41a\" data-element_type=\"widget\" data-widget_type=\"spacer.default\">\n\t\t\t\t<div class=\"elementor-widget-container\">\n\t\t\t<style>\/*! elementor - v3.16.0 - 17-10-2023 *\/\n.elementor-column .elementor-spacer-inner{height:var(--spacer-size)}.e-con{--container-widget-width:100%}.e-con-inner>.elementor-widget-spacer,.e-con>.elementor-widget-spacer{width:var(--container-widget-width,var(--spacer-size));--align-self:var(--container-widget-align-self,initial);--flex-shrink:0}.e-con-inner>.elementor-widget-spacer>.elementor-widget-container,.e-con>.elementor-widget-spacer>.elementor-widget-container{height:100%;width:100%}.e-con-inner>.elementor-widget-spacer>.elementor-widget-container>.elementor-spacer,.e-con>.elementor-widget-spacer>.elementor-widget-container>.elementor-spacer{height:100%}.e-con-inner>.elementor-widget-spacer>.elementor-widget-container>.elementor-spacer>.elementor-spacer-inner,.e-con>.elementor-widget-spacer>.elementor-widget-container>.elementor-spacer>.elementor-spacer-inner{height:var(--container-widget-height,var(--spacer-size))}.e-con-inner>.elementor-widget-spacer.elementor-widget-empty,.e-con>.elementor-widget-spacer.elementor-widget-empty{position:relative;min-height:22px;min-width:22px}.e-con-inner>.elementor-widget-spacer.elementor-widget-empty .elementor-widget-empty-icon,.e-con>.elementor-widget-spacer.elementor-widget-empty .elementor-widget-empty-icon{position:absolute;top:0;bottom:0;left:0;right:0;margin:auto;padding:0;width:22px;height:22px}<\/style>\t\t<div class=\"elementor-spacer\">\n\t\t\t<div class=\"elementor-spacer-inner\"><\/div>\n\t\t<\/div>\n\t\t\t\t<\/div>\n\t\t\t\t<\/div>\n\t\t\t\t<div class=\"elementor-element elementor-element-3efed77 elementor-widget elementor-widget-image\" data-id=\"3efed77\" data-element_type=\"widget\" data-widget_type=\"image.default\">\n\t\t\t\t<div class=\"elementor-widget-container\">\n\t\t\t\t\t\t\t\t\t\t\t\t\t\t\t\t<a href=\"https:\/\/aws.amazon.com\/\" target=\"_blank\">\n\t\t\t\t\t\t\t<img loading=\"lazy\" decoding=\"async\" width=\"348\" height=\"105\" src=\"https:\/\/www.onedatalake.com\/wp-content\/uploads\/2023\/10\/amazonwebservices.png\" class=\"elementor-animation-shrink attachment-large size-large wp-image-4201\" alt=\"\" srcset=\"https:\/\/www.onedatalake.com\/wp-content\/uploads\/2023\/10\/amazonwebservices.png 348w, https:\/\/www.onedatalake.com\/wp-content\/uploads\/2023\/10\/amazonwebservices-300x91.png 300w\" sizes=\"auto, (max-width: 348px) 100vw, 348px\" \/>\t\t\t\t\t\t\t\t<\/a>\n\t\t\t\t\t\t\t\t\t\t\t\t\t\t\t<\/div>\n\t\t\t\t<\/div>\n\t\t\t\t<div class=\"elementor-element elementor-element-e3c0fa5 elementor-widget elementor-widget-spacer\" data-id=\"e3c0fa5\" data-element_type=\"widget\" data-widget_type=\"spacer.default\">\n\t\t\t\t<div class=\"elementor-widget-container\">\n\t\t\t\t\t<div class=\"elementor-spacer\">\n\t\t\t<div class=\"elementor-spacer-inner\"><\/div>\n\t\t<\/div>\n\t\t\t\t<\/div>\n\t\t\t\t<\/div>\n\t\t\t\t<\/div>\n\t\t<div class=\"elementor-element elementor-element-e86fb0d e-con-full e-flex e-con e-child\" data-id=\"e86fb0d\" data-element_type=\"container\" data-settings=\"{&quot;content_width&quot;:&quot;full&quot;}\">\n\t\t\t\t<div class=\"elementor-element elementor-element-0ba397d elementor-widget elementor-widget-image\" data-id=\"0ba397d\" data-element_type=\"widget\" data-widget_type=\"image.default\">\n\t\t\t\t<div class=\"elementor-widget-container\">\n\t\t\t\t\t\t\t\t\t\t\t\t\t\t\t\t<a href=\"https:\/\/www.microfocus.com\/\" target=\"_blank\">\n\t\t\t\t\t\t\t<img loading=\"lazy\" decoding=\"async\" width=\"348\" height=\"105\" src=\"https:\/\/www.onedatalake.com\/wp-content\/uploads\/2023\/10\/MicroFocus-1.png\" class=\"elementor-animation-shrink attachment-large size-large wp-image-2276\" alt=\"\" srcset=\"https:\/\/www.onedatalake.com\/wp-content\/uploads\/2023\/10\/MicroFocus-1.png 348w, https:\/\/www.onedatalake.com\/wp-content\/uploads\/2023\/10\/MicroFocus-1-300x91.png 300w\" sizes=\"auto, (max-width: 348px) 100vw, 348px\" \/>\t\t\t\t\t\t\t\t<\/a>\n\t\t\t\t\t\t\t\t\t\t\t\t\t\t\t<\/div>\n\t\t\t\t<\/div>\n\t\t\t\t<div class=\"elementor-element elementor-element-4421056 elementor-widget elementor-widget-spacer\" data-id=\"4421056\" data-element_type=\"widget\" data-widget_type=\"spacer.default\">\n\t\t\t\t<div class=\"elementor-widget-container\">\n\t\t\t\t\t<div class=\"elementor-spacer\">\n\t\t\t<div class=\"elementor-spacer-inner\"><\/div>\n\t\t<\/div>\n\t\t\t\t<\/div>\n\t\t\t\t<\/div>\n\t\t\t\t<div class=\"elementor-element elementor-element-ac958e7 elementor-widget elementor-widget-image\" data-id=\"ac958e7\" data-element_type=\"widget\" data-widget_type=\"image.default\">\n\t\t\t\t<div class=\"elementor-widget-container\">\n\t\t\t\t\t\t\t\t\t\t\t\t\t\t\t\t<a href=\"https:\/\/www.snowflake.com\/\" target=\"_blank\">\n\t\t\t\t\t\t\t<img loading=\"lazy\" decoding=\"async\" width=\"348\" height=\"105\" src=\"https:\/\/www.onedatalake.com\/wp-content\/uploads\/2023\/10\/Snowflake.png\" class=\"elementor-animation-shrink attachment-large size-large wp-image-2263\" alt=\"\" srcset=\"https:\/\/www.onedatalake.com\/wp-content\/uploads\/2023\/10\/Snowflake.png 348w, https:\/\/www.onedatalake.com\/wp-content\/uploads\/2023\/10\/Snowflake-300x91.png 300w\" sizes=\"auto, (max-width: 348px) 100vw, 348px\" \/>\t\t\t\t\t\t\t\t<\/a>\n\t\t\t\t\t\t\t\t\t\t\t\t\t\t\t<\/div>\n\t\t\t\t<\/div>\n\t\t\t\t<div class=\"elementor-element elementor-element-0834ebf elementor-widget elementor-widget-spacer\" data-id=\"0834ebf\" data-element_type=\"widget\" data-widget_type=\"spacer.default\">\n\t\t\t\t<div class=\"elementor-widget-container\">\n\t\t\t\t\t<div class=\"elementor-spacer\">\n\t\t\t<div class=\"elementor-spacer-inner\"><\/div>\n\t\t<\/div>\n\t\t\t\t<\/div>\n\t\t\t\t<\/div>\n\t\t\t\t<\/div>\n\t\t<div class=\"elementor-element elementor-element-9b072a0 e-con-full e-flex e-con e-child\" data-id=\"9b072a0\" data-element_type=\"container\" data-settings=\"{&quot;content_width&quot;:&quot;full&quot;}\">\n\t\t\t\t<div class=\"elementor-element elementor-element-c63f226 elementor-widget elementor-widget-image\" data-id=\"c63f226\" data-element_type=\"widget\" data-widget_type=\"image.default\">\n\t\t\t\t<div class=\"elementor-widget-container\">\n\t\t\t\t\t\t\t\t\t\t\t\t\t\t\t\t<a href=\"https:\/\/www.scylladb.com\/\" target=\"_blank\">\n\t\t\t\t\t\t\t<img loading=\"lazy\" decoding=\"async\" width=\"348\" height=\"105\" src=\"https:\/\/www.onedatalake.com\/wp-content\/uploads\/2023\/10\/scylla.png\" class=\"elementor-animation-shrink attachment-large size-large wp-image-2262\" alt=\"\" srcset=\"https:\/\/www.onedatalake.com\/wp-content\/uploads\/2023\/10\/scylla.png 348w, https:\/\/www.onedatalake.com\/wp-content\/uploads\/2023\/10\/scylla-300x91.png 300w\" sizes=\"auto, (max-width: 348px) 100vw, 348px\" \/>\t\t\t\t\t\t\t\t<\/a>\n\t\t\t\t\t\t\t\t\t\t\t\t\t\t\t<\/div>\n\t\t\t\t<\/div>\n\t\t\t\t<div class=\"elementor-element elementor-element-ab81905 elementor-widget elementor-widget-spacer\" data-id=\"ab81905\" data-element_type=\"widget\" data-widget_type=\"spacer.default\">\n\t\t\t\t<div class=\"elementor-widget-container\">\n\t\t\t\t\t<div class=\"elementor-spacer\">\n\t\t\t<div class=\"elementor-spacer-inner\"><\/div>\n\t\t<\/div>\n\t\t\t\t<\/div>\n\t\t\t\t<\/div>\n\t\t\t\t<div class=\"elementor-element elementor-element-bb77a8e elementor-widget elementor-widget-image\" data-id=\"bb77a8e\" data-element_type=\"widget\" data-widget_type=\"image.default\">\n\t\t\t\t<div class=\"elementor-widget-container\">\n\t\t\t\t\t\t\t\t\t\t\t\t\t\t\t\t<a href=\"http:\/\/azure.microsoft.com\/\" target=\"_blank\">\n\t\t\t\t\t\t\t<img loading=\"lazy\" decoding=\"async\" width=\"348\" height=\"105\" src=\"https:\/\/www.onedatalake.com\/wp-content\/uploads\/2023\/10\/MicrosoftCloud.png\" class=\"elementor-animation-shrink attachment-large size-large wp-image-4203\" alt=\"\" srcset=\"https:\/\/www.onedatalake.com\/wp-content\/uploads\/2023\/10\/MicrosoftCloud.png 348w, https:\/\/www.onedatalake.com\/wp-content\/uploads\/2023\/10\/MicrosoftCloud-300x91.png 300w\" sizes=\"auto, (max-width: 348px) 100vw, 348px\" \/>\t\t\t\t\t\t\t\t<\/a>\n\t\t\t\t\t\t\t\t\t\t\t\t\t\t\t<\/div>\n\t\t\t\t<\/div>\n\t\t\t\t<\/div>\n\t\t\t\t\t<\/div>\n\t\t\t\t<\/div>\n\t\t<div class=\"elementor-element elementor-element-5ba03c5 elementor-hidden-desktop elementor-hidden-tablet e-flex e-con-boxed e-con e-parent\" data-id=\"5ba03c5\" data-element_type=\"container\" data-settings=\"{&quot;background_background&quot;:&quot;classic&quot;,&quot;content_width&quot;:&quot;boxed&quot;}\" data-core-v316-plus=\"true\">\n\t\t\t\t\t<div class=\"e-con-inner\">\n\t\t\t\t<div class=\"elementor-element elementor-element-6cb6add elementor-widget__width-initial elementor-widget elementor-widget-heading\" data-id=\"6cb6add\" data-element_type=\"widget\" data-widget_type=\"heading.default\">\n\t\t\t\t<div class=\"elementor-widget-container\">\n\t\t\t<h2 class=\"elementor-heading-title elementor-size-default\">Teknoloji \u0130\u015f Ortaklar\u0131m\u0131z\n\n<\/h2>\t\t<\/div>\n\t\t\t\t<\/div>\n\t\t\t\t<div class=\"elementor-element elementor-element-fe8554c elementor-widget elementor-widget-image\" data-id=\"fe8554c\" data-element_type=\"widget\" data-widget_type=\"image.default\">\n\t\t\t\t<div class=\"elementor-widget-container\">\n\t\t\t\t\t\t\t\t\t\t\t\t\t\t\t<img loading=\"lazy\" decoding=\"async\" width=\"348\" height=\"105\" src=\"https:\/\/www.onedatalake.com\/wp-content\/uploads\/2023\/10\/qlictalend.png\" class=\"attachment-large size-large wp-image-2261\" alt=\"\" srcset=\"https:\/\/www.onedatalake.com\/wp-content\/uploads\/2023\/10\/qlictalend.png 348w, https:\/\/www.onedatalake.com\/wp-content\/uploads\/2023\/10\/qlictalend-300x91.png 300w\" sizes=\"auto, (max-width: 348px) 100vw, 348px\" \/>\t\t\t\t\t\t\t\t\t\t\t\t\t\t\t<\/div>\n\t\t\t\t<\/div>\n\t\t\t\t<div class=\"elementor-element elementor-element-4a059cb elementor-widget elementor-widget-image\" data-id=\"4a059cb\" data-element_type=\"widget\" data-widget_type=\"image.default\">\n\t\t\t\t<div class=\"elementor-widget-container\">\n\t\t\t\t\t\t\t\t\t\t\t\t\t\t\t<img loading=\"lazy\" decoding=\"async\" width=\"348\" height=\"105\" src=\"https:\/\/www.onedatalake.com\/wp-content\/uploads\/2023\/10\/MicroFocus-1.png\" class=\"attachment-large size-large wp-image-2276\" alt=\"\" srcset=\"https:\/\/www.onedatalake.com\/wp-content\/uploads\/2023\/10\/MicroFocus-1.png 348w, https:\/\/www.onedatalake.com\/wp-content\/uploads\/2023\/10\/MicroFocus-1-300x91.png 300w\" sizes=\"auto, (max-width: 348px) 100vw, 348px\" \/>\t\t\t\t\t\t\t\t\t\t\t\t\t\t\t<\/div>\n\t\t\t\t<\/div>\n\t\t\t\t<div class=\"elementor-element elementor-element-12e88aa elementor-widget elementor-widget-image\" data-id=\"12e88aa\" data-element_type=\"widget\" data-widget_type=\"image.default\">\n\t\t\t\t<div class=\"elementor-widget-container\">\n\t\t\t\t\t\t\t\t\t\t\t\t\t\t\t<img loading=\"lazy\" decoding=\"async\" width=\"348\" height=\"105\" src=\"https:\/\/www.onedatalake.com\/wp-content\/uploads\/2023\/10\/scylla.png\" class=\"attachment-large size-large wp-image-2262\" alt=\"\" srcset=\"https:\/\/www.onedatalake.com\/wp-content\/uploads\/2023\/10\/scylla.png 348w, https:\/\/www.onedatalake.com\/wp-content\/uploads\/2023\/10\/scylla-300x91.png 300w\" sizes=\"auto, (max-width: 348px) 100vw, 348px\" \/>\t\t\t\t\t\t\t\t\t\t\t\t\t\t\t<\/div>\n\t\t\t\t<\/div>\n\t\t\t\t<div class=\"elementor-element elementor-element-1b1d751 elementor-widget elementor-widget-image\" data-id=\"1b1d751\" data-element_type=\"widget\" data-widget_type=\"image.default\">\n\t\t\t\t<div class=\"elementor-widget-container\">\n\t\t\t\t\t\t\t\t\t\t\t\t\t\t\t<img loading=\"lazy\" decoding=\"async\" width=\"348\" height=\"105\" src=\"https:\/\/www.onedatalake.com\/wp-content\/uploads\/2023\/10\/amazonwebservices.png\" class=\"attachment-large size-large wp-image-4201\" alt=\"\" srcset=\"https:\/\/www.onedatalake.com\/wp-content\/uploads\/2023\/10\/amazonwebservices.png 348w, https:\/\/www.onedatalake.com\/wp-content\/uploads\/2023\/10\/amazonwebservices-300x91.png 300w\" sizes=\"auto, (max-width: 348px) 100vw, 348px\" \/>\t\t\t\t\t\t\t\t\t\t\t\t\t\t\t<\/div>\n\t\t\t\t<\/div>\n\t\t\t\t<div class=\"elementor-element elementor-element-ef70bf6 elementor-widget elementor-widget-image\" data-id=\"ef70bf6\" data-element_type=\"widget\" data-widget_type=\"image.default\">\n\t\t\t\t<div class=\"elementor-widget-container\">\n\t\t\t\t\t\t\t\t\t\t\t\t\t\t\t<img loading=\"lazy\" decoding=\"async\" width=\"348\" height=\"105\" src=\"https:\/\/www.onedatalake.com\/wp-content\/uploads\/2023\/10\/Snowflake.png\" class=\"attachment-large size-large wp-image-2263\" alt=\"\" srcset=\"https:\/\/www.onedatalake.com\/wp-content\/uploads\/2023\/10\/Snowflake.png 348w, https:\/\/www.onedatalake.com\/wp-content\/uploads\/2023\/10\/Snowflake-300x91.png 300w\" sizes=\"auto, (max-width: 348px) 100vw, 348px\" \/>\t\t\t\t\t\t\t\t\t\t\t\t\t\t\t<\/div>\n\t\t\t\t<\/div>\n\t\t\t\t<div class=\"elementor-element elementor-element-d21d1cc elementor-widget elementor-widget-image\" data-id=\"d21d1cc\" data-element_type=\"widget\" data-widget_type=\"image.default\">\n\t\t\t\t<div class=\"elementor-widget-container\">\n\t\t\t\t\t\t\t\t\t\t\t\t\t\t\t<img loading=\"lazy\" decoding=\"async\" width=\"348\" height=\"105\" src=\"https:\/\/www.onedatalake.com\/wp-content\/uploads\/2023\/10\/MicrosoftCloud.png\" class=\"attachment-large size-large wp-image-4203\" alt=\"\" srcset=\"https:\/\/www.onedatalake.com\/wp-content\/uploads\/2023\/10\/MicrosoftCloud.png 348w, https:\/\/www.onedatalake.com\/wp-content\/uploads\/2023\/10\/MicrosoftCloud-300x91.png 300w\" sizes=\"auto, (max-width: 348px) 100vw, 348px\" \/>\t\t\t\t\t\t\t\t\t\t\t\t\t\t\t<\/div>\n\t\t\t\t<\/div>\n\t\t\t\t\t<\/div>\n\t\t\t\t<\/div>\n\t\t\t\t\t\t\t<\/div>","protected":false},"excerpt":{"rendered":"<p>Our Technology Partners Our Technology Partners<\/p>","protected":false},"author":1,"featured_media":0,"parent":0,"menu_order":0,"comment_status":"closed","ping_status":"closed","template":"elementor_header_footer","meta":{"_mi_skip_tracking":false,"_monsterinsights_sitenote_active":false,"_monsterinsights_sitenote_note":"","_monsterinsights_sitenote_category":0,"footnotes":""},"class_list":["post-4104","page","type-page","status-publish","hentry"],"acf":[],"aioseo_notices":[],"yoast_head":"<!-- This site is optimized with the Yoast SEO plugin v21.6 - https:\/\/yoast.com\/wordpress\/plugins\/seo\/ -->\n<title>technology partners - OneDataLake - Qlik T\u00fcrkiye Partner<\/title>\n<meta name=\"robots\" content=\"index, follow, max-snippet:-1, max-image-preview:large, max-video-preview:-1\" \/>\n<link rel=\"canonical\" href=\"https:\/\/www.onedatalake.com\/tr\/technology-partners\/\" \/>\n<meta property=\"og:locale\" content=\"tr_TR\" \/>\n<meta property=\"og:type\" content=\"article\" \/>\n<meta property=\"og:title\" content=\"technology partners - OneDataLake - Qlik T\u00fcrkiye Partner\" \/>\n<meta property=\"og:description\" content=\"Our Technology Partners Our Technology Partners\" \/>\n<meta property=\"og:url\" content=\"https:\/\/www.onedatalake.com\/tr\/technology-partners\/\" \/>\n<meta property=\"og:site_name\" content=\"OneDataLake - Qlik T\u00fcrkiye Partner\" \/>\n<meta property=\"article:modified_time\" content=\"2023-10-24T11:21:02+00:00\" \/>\n<meta property=\"og:image\" content=\"https:\/\/www.onedatalake.com\/wp-content\/uploads\/2023\/10\/qlictalend.png\" \/>\n<meta name=\"twitter:card\" content=\"summary_large_image\" \/>\n<script type=\"application\/ld+json\" class=\"yoast-schema-graph\">{\"@context\":\"https:\/\/schema.org\",\"@graph\":[{\"@type\":\"WebPage\",\"@id\":\"https:\/\/www.onedatalake.com\/technology-partners\/\",\"url\":\"https:\/\/www.onedatalake.com\/technology-partners\/\",\"name\":\"technology partners - OneDataLake - Qlik T\u00fcrkiye Partner\",\"isPartOf\":{\"@id\":\"https:\/\/www.onedatalake.com\/#website\"},\"datePublished\":\"2023-10-16T16:55:10+00:00\",\"dateModified\":\"2023-10-24T11:21:02+00:00\",\"breadcrumb\":{\"@id\":\"https:\/\/www.onedatalake.com\/technology-partners\/#breadcrumb\"},\"inLanguage\":\"tr\",\"potentialAction\":[{\"@type\":\"ReadAction\",\"target\":[\"https:\/\/www.onedatalake.com\/technology-partners\/\"]}]},{\"@type\":\"BreadcrumbList\",\"@id\":\"https:\/\/www.onedatalake.com\/technology-partners\/#breadcrumb\",\"itemListElement\":[{\"@type\":\"ListItem\",\"position\":1,\"name\":\"Home\",\"item\":\"https:\/\/www.onedatalake.com\/\"},{\"@type\":\"ListItem\",\"position\":2,\"name\":\"technology partners\"}]},{\"@type\":\"WebSite\",\"@id\":\"https:\/\/www.onedatalake.com\/#website\",\"url\":\"https:\/\/www.onedatalake.com\/\",\"name\":\"OneDataLake - Qlik T\u00fcrkiye Partner\",\"description\":\"Talend T\u00fcrkiye Partner\",\"publisher\":{\"@id\":\"https:\/\/www.onedatalake.com\/#organization\"},\"alternateName\":\"Talend T\u00fcrkiye Partner\",\"potentialAction\":[{\"@type\":\"SearchAction\",\"target\":{\"@type\":\"EntryPoint\",\"urlTemplate\":\"https:\/\/www.onedatalake.com\/?s={search_term_string}\"},\"query-input\":\"required name=search_term_string\"}],\"inLanguage\":\"tr\"},{\"@type\":\"Organization\",\"@id\":\"https:\/\/www.onedatalake.com\/#organization\",\"name\":\"OneDataLake - Qlik T\u00fcrkiye Partner\",\"url\":\"https:\/\/www.onedatalake.com\/\",\"logo\":{\"@type\":\"ImageObject\",\"inLanguage\":\"tr\",\"@id\":\"https:\/\/www.onedatalake.com\/#\/schema\/logo\/image\/\",\"url\":\"https:\/\/www.onedatalake.com\/wp-content\/uploads\/2023\/10\/image002.png\",\"contentUrl\":\"https:\/\/www.onedatalake.com\/wp-content\/uploads\/2023\/10\/image002.png\",\"width\":1646,\"height\":364,\"caption\":\"OneDataLake - Qlik T\u00fcrkiye Partner\"},\"image\":{\"@id\":\"https:\/\/www.onedatalake.com\/#\/schema\/logo\/image\/\"}}]}<\/script>\n<!-- \/ Yoast SEO plugin. -->","yoast_head_json":{"title":"technology partners - OneDataLake - Qlik T\u00fcrkiye Partner","robots":{"index":"index","follow":"follow","max-snippet":"max-snippet:-1","max-image-preview":"max-image-preview:large","max-video-preview":"max-video-preview:-1"},"canonical":"https:\/\/www.onedatalake.com\/tr\/technology-partners\/","og_locale":"tr_TR","og_type":"article","og_title":"technology partners - OneDataLake - Qlik T\u00fcrkiye Partner","og_description":"Our Technology Partners Our Technology Partners","og_url":"https:\/\/www.onedatalake.com\/tr\/technology-partners\/","og_site_name":"OneDataLake - Qlik T\u00fcrkiye Partner","article_modified_time":"2023-10-24T11:21:02+00:00","og_image":[{"url":"https:\/\/www.onedatalake.com\/wp-content\/uploads\/2023\/10\/qlictalend.png"}],"twitter_card":"summary_large_image","schema":{"@context":"https:\/\/schema.org","@graph":[{"@type":"WebPage","@id":"https:\/\/www.onedatalake.com\/technology-partners\/","url":"https:\/\/www.onedatalake.com\/technology-partners\/","name":"technology partners - OneDataLake - Qlik T\u00fcrkiye Partner","isPartOf":{"@id":"https:\/\/www.onedatalake.com\/#website"},"datePublished":"2023-10-16T16:55:10+00:00","dateModified":"2023-10-24T11:21:02+00:00","breadcrumb":{"@id":"https:\/\/www.onedatalake.com\/technology-partners\/#breadcrumb"},"inLanguage":"tr","potentialAction":[{"@type":"ReadAction","target":["https:\/\/www.onedatalake.com\/technology-partners\/"]}]},{"@type":"BreadcrumbList","@id":"https:\/\/www.onedatalake.com\/technology-partners\/#breadcrumb","itemListElement":[{"@type":"ListItem","position":1,"name":"Home","item":"https:\/\/www.onedatalake.com\/"},{"@type":"ListItem","position":2,"name":"technology partners"}]},{"@type":"WebSite","@id":"https:\/\/www.onedatalake.com\/#website","url":"https:\/\/www.onedatalake.com\/","name":"OneDataLake - Qlik T\u00fcrkiye Partner","description":"Talend T\u00fcrkiye Partner","publisher":{"@id":"https:\/\/www.onedatalake.com\/#organization"},"alternateName":"Talend T\u00fcrkiye Partner","potentialAction":[{"@type":"SearchAction","target":{"@type":"EntryPoint","urlTemplate":"https:\/\/www.onedatalake.com\/?s={search_term_string}"},"query-input":"required name=search_term_string"}],"inLanguage":"tr"},{"@type":"Organization","@id":"https:\/\/www.onedatalake.com\/#organization","name":"OneDataLake - Qlik T\u00fcrkiye Partner","url":"https:\/\/www.onedatalake.com\/","logo":{"@type":"ImageObject","inLanguage":"tr","@id":"https:\/\/www.onedatalake.com\/#\/schema\/logo\/image\/","url":"https:\/\/www.onedatalake.com\/wp-content\/uploads\/2023\/10\/image002.png","contentUrl":"https:\/\/www.onedatalake.com\/wp-content\/uploads\/2023\/10\/image002.png","width":1646,"height":364,"caption":"OneDataLake - Qlik T\u00fcrkiye Partner"},"image":{"@id":"https:\/\/www.onedatalake.com\/#\/schema\/logo\/image\/"}}]}},"_links":{"self":[{"href":"https:\/\/www.onedatalake.com\/tr\/wp-json\/wp\/v2\/pages\/4104","targetHints":{"allow":["GET"]}}],"collection":[{"href":"https:\/\/www.onedatalake.com\/tr\/wp-json\/wp\/v2\/pages"}],"about":[{"href":"https:\/\/www.onedatalake.com\/tr\/wp-json\/wp\/v2\/types\/page"}],"author":[{"embeddable":true,"href":"https:\/\/www.onedatalake.com\/tr\/wp-json\/wp\/v2\/users\/1"}],"replies":[{"embeddable":true,"href":"https:\/\/www.onedatalake.com\/tr\/wp-json\/wp\/v2\/comments?post=4104"}],"version-history":[{"count":31,"href":"https:\/\/www.onedatalake.com\/tr\/wp-json\/wp\/v2\/pages\/4104\/revisions"}],"predecessor-version":[{"id":4559,"href":"https:\/\/www.onedatalake.com\/tr\/wp-json\/wp\/v2\/pages\/4104\/revisions\/4559"}],"wp:attachment":[{"href":"https:\/\/www.onedatalake.com\/tr\/wp-json\/wp\/v2\/media?parent=4104"}],"curies":[{"name":"wp","href":"https:\/\/api.w.org\/{rel}","templated":true}]}}